{"id":24,"date":"2024-07-23T14:39:18","date_gmt":"2024-07-23T12:39:18","guid":{"rendered":"https:\/\/www.gazedrink.com\/?page_id=24"},"modified":"2024-11-05T13:09:23","modified_gmt":"2024-11-05T12:09:23","slug":"politica-de-cookies","status":"publish","type":"page","link":"https:\/\/gazedrink.com\/fr\/politica-de-cookies\/","title":{"rendered":"Politique de cookies"},"content":{"rendered":"<div data-elementor-type=\"wp-page\" data-elementor-id=\"24\" class=\"elementor elementor-24\" data-elementor-post-type=\"page\">\n\t\t\t\t<div class=\"elementor-element elementor-element-5ece817 e-con-full e-flex e-con e-parent\" data-id=\"5ece817\" data-element_type=\"container\" data-e-type=\"container\">\n\t\t\t\t<div class=\"elementor-element elementor-element-48bf062 elementor-invisible elementor-widget elementor-widget-heading\" data-id=\"48bf062\" data-element_type=\"widget\" data-e-type=\"widget\" data-settings=\"{&quot;_animation&quot;:&quot;fadeInDown&quot;}\" data-widget_type=\"heading.default\">\n\t\t\t\t<div class=\"elementor-widget-container\">\n\t\t\t\t\t<h1 class=\"elementor-heading-title elementor-size-default\">POLITIQUE DE COOKIES<\/h1>\t\t\t\t<\/div>\n\t\t\t\t<\/div>\n\t\t\t\t<div class=\"elementor-element elementor-element-ac3a777 elementor-widget elementor-widget-text-editor\" data-id=\"ac3a777\" data-element_type=\"widget\" data-e-type=\"widget\" data-widget_type=\"text-editor.default\">\n\t\t\t\t<div class=\"elementor-widget-container\">\n\t\t\t\t\t\t\t\t\t<p><strong>Qu\u2019est-ce que les Cookies ?<\/strong><br \/>Les cookies sont de petits fichiers texte qui sont stock\u00e9s sur votre appareil (ordinateur, tablette, smartphone) lorsque vous visitez un site web. Les cookies permettent au site web de se souvenir de vos pr\u00e9f\u00e9rences de navigation et d\u2019am\u00e9liorer votre exp\u00e9rience utilisateur. Ils peuvent \u00e9galement \u00eatre utilis\u00e9s pour collecter des informations anonymes sur la fa\u00e7on dont vous interagissez avec le site, ce qui aide \u00e0 optimiser son fonctionnement.<\/p><p><strong><br \/>Types de Cookies Utilis\u00e9s sur ce Site Web, <\/strong><a href=\"https:\/\/gazedrink.com\/fr\/\"><strong>www.gazedrink.com<\/strong><\/a><strong>:<\/strong><\/p><p>Notre site web utilise les types de cookies suivants :<\/p><ol><li><strong>Cookies Techniques<\/strong><br \/>Ces cookies sont essentiels pour le fonctionnement du site web et permettent, par exemple, la navigation et l\u2019acc\u00e8s \u00e0 des zones s\u00e9curis\u00e9es du site. Sans ces cookies, certains services ne seraient pas disponibles.<\/li><li><strong>Cookies de Pr\u00e9f\u00e9rences ou de Personnalisation<\/strong><br \/>Ces cookies permettent de m\u00e9moriser des informations afin que l\u2019utilisateur acc\u00e8de au service avec certaines caract\u00e9ristiques personnalis\u00e9es, comme la langue ou le type de navigateur.<\/li><li><strong>Cookies d\u2019Analyse ou de Mesure<\/strong><br \/>Ces cookies collectent des informations anonymes sur l\u2019utilisation de notre site web, telles que les pages les plus visit\u00e9es, le temps pass\u00e9 ou l\u2019origine du trafic. Ces informations nous aident \u00e0 am\u00e9liorer et \u00e0 optimiser le site.<\/li><li><strong>Cookies Publicitaires et Publicitaires Comportementaux<\/strong><br \/>Ces cookies stockent des informations sur le comportement des utilisateurs obtenues gr\u00e2ce \u00e0 l\u2019observation continue de leurs habitudes de navigation. Ils nous permettent d\u2019afficher des publicit\u00e9s personnalis\u00e9es en fonction de votre profil de navigation et de vos centres d\u2019int\u00e9r\u00eat.<\/li><\/ol><p>\u00a0<\/p><p><strong>Cookies de Tiers<\/strong><br \/>Notre site web utilise \u00e9galement des cookies de tiers, tels que :<\/p><ul><li><strong>Google Analytics<\/strong>: Pour collecter des informations statistiques sur l\u2019utilisation du site web. Ces donn\u00e9es sont trait\u00e9es par Google et nous aident \u00e0 mieux comprendre le comportement des utilisateurs sur le site.<\/li><\/ul><p><br \/>Pour plus d\u2019informations sur l\u2019utilisation des cookies par Google Analytics, vous pouvez consulter ce lien.<\/p><p><strong><br \/>Dur\u00e9e des Cookies<\/strong><br \/>Les cookies peuvent \u00eatre class\u00e9s selon leur dur\u00e9e :<\/p><ul><li><strong>Cookies de Session<\/strong>: Ces cookies sont actifs uniquement pendant que l\u2019utilisateur navigue sur le site web et sont supprim\u00e9s \u00e0 la fermeture du navigateur.<\/li><li><strong>Cookies Persistants<\/strong>: Ces cookies restent stock\u00e9s sur l\u2019appareil de l\u2019utilisateur pendant une p\u00e9riode d\u00e9termin\u00e9e, qui peut varier de quelques minutes \u00e0 plusieurs ann\u00e9es.<\/li><\/ul><p><strong><br \/>Gestion des Cookies<\/strong><br \/>L\u2019utilisateur a la possibilit\u00e9 de permettre, bloquer ou supprimer les cookies install\u00e9s sur son appareil en configurant les options de son navigateur. Cependant, le blocage ou la suppression de certains cookies peut affecter la fonctionnalit\u00e9 du site et limiter l\u2019acc\u00e8s \u00e0 certains services.<\/p><p><strong><br \/>Comment G\u00e9rer les Cookies dans les Principaux Navigateurs<\/strong>:<\/p><ul><li><strong>Google Chrome<\/strong>: Param\u00e8tres &gt; Confidentialit\u00e9 et s\u00e9curit\u00e9 &gt; Cookies et autres donn\u00e9es de site.<\/li><li><strong>Mozilla Firefox<\/strong>: Options &gt; Vie priv\u00e9e et s\u00e9curit\u00e9 &gt; Cookies et donn\u00e9es du site.<\/li><li><strong>Safari (Apple)<\/strong>: Pr\u00e9f\u00e9rences &gt; Confidentialit\u00e9 &gt; G\u00e9rer les donn\u00e9es des sites web.<\/li><li><strong>Microsoft Edge<\/strong>: Param\u00e8tres &gt; Cookies et autorisations des sites.<\/li><\/ul><p><br \/>Pour plus d\u2019informations sur la gestion des cookies dans d\u2019autres navigateurs, vous pouvez consulter https:\/\/www.allaboutcookies.org\/es\/.<\/p><p><strong><br \/>Consentement \u00e0 l\u2019Utilisation des Cookies<\/strong><br \/>En acc\u00e9dant \u00e0 notre site web <strong>www.gazedrink.com<\/strong>, nous affichons un avis concernant l\u2019utilisation des cookies, et vous avez la possibilit\u00e9 de les accepter, les refuser ou configurer vos pr\u00e9f\u00e9rences via le panneau de configuration des cookies. Vous pouvez modifier vos pr\u00e9f\u00e9rences \u00e0 tout moment en visitant le lien \u00ab Configuration des Cookies \u00bb dans le pied de page de notre site web.<\/p><p><strong><br \/>Mise \u00e0 Jour de la Politique de Cookies<\/strong><br \/>Nous nous r\u00e9servons le droit de modifier cette Politique de Cookies \u00e0 tout moment. Toute modification de cette politique sera publi\u00e9e sur notre site web. Nous vous recommandons de consulter cette page r\u00e9guli\u00e8rement afin de rester inform\u00e9 sur l\u2019utilisation des cookies sur notre site web.<\/p><p><strong><br \/>Date de la derni\u00e8re mise \u00e0 jour<\/strong>: 4 novembre 2024<\/p>\t\t\t\t\t\t\t\t<\/div>\n\t\t\t\t<\/div>\n\t\t\t\t<\/div>\n\t\t\t\t<\/div>","protected":false},"excerpt":{"rendered":"<p>POL\u00cdTICA DE COOKIES \u00bfQu\u00e9 son las Cookies?Las cookies son peque\u00f1os archivos de texto que se almacenan en su dispositivo (ordenador, tablet, smartphone) cuando visita un sitio web. Las cookies permiten al sitio web recordar sus preferencias de navegaci\u00f3n y mejorar su experiencia como usuario. Tambi\u00e9n pueden utilizarse para recopilar informaci\u00f3n an\u00f3nima sobre c\u00f3mo interact\u00faa con [&hellip;]<\/p>\n","protected":false},"author":1,"featured_media":0,"parent":0,"menu_order":0,"comment_status":"closed","ping_status":"closed","template":"","meta":{"footnotes":""},"class_list":["post-24","page","type-page","status-publish","hentry"],"_links":{"self":[{"href":"https:\/\/gazedrink.com\/fr\/wp-json\/wp\/v2\/pages\/24","targetHints":{"allow":["GET"]}}],"collection":[{"href":"https:\/\/gazedrink.com\/fr\/wp-json\/wp\/v2\/pages"}],"about":[{"href":"https:\/\/gazedrink.com\/fr\/wp-json\/wp\/v2\/types\/page"}],"author":[{"embeddable":true,"href":"https:\/\/gazedrink.com\/fr\/wp-json\/wp\/v2\/users\/1"}],"replies":[{"embeddable":true,"href":"https:\/\/gazedrink.com\/fr\/wp-json\/wp\/v2\/comments?post=24"}],"version-history":[{"count":4,"href":"https:\/\/gazedrink.com\/fr\/wp-json\/wp\/v2\/pages\/24\/revisions"}],"predecessor-version":[{"id":672,"href":"https:\/\/gazedrink.com\/fr\/wp-json\/wp\/v2\/pages\/24\/revisions\/672"}],"wp:attachment":[{"href":"https:\/\/gazedrink.com\/fr\/wp-json\/wp\/v2\/media?parent=24"}],"curies":[{"name":"wp","href":"https:\/\/api.w.org\/{rel}","templated":true}]}}