{"id":95,"date":"2024-07-24T10:19:28","date_gmt":"2024-07-24T08:19:28","guid":{"rendered":"https:\/\/www.gazedrink.com\/?page_id=95"},"modified":"2024-11-08T13:56:00","modified_gmt":"2024-11-08T12:56:00","slug":"gaze","status":"publish","type":"page","link":"https:\/\/gazedrink.com\/en\/gaze\/","title":{"rendered":"Gaz\u00e9"},"content":{"rendered":"\t\t<div data-elementor-type=\"wp-page\" data-elementor-id=\"95\" class=\"elementor elementor-95\" data-elementor-post-type=\"page\">\n\t\t\t\t<div class=\"elementor-element elementor-element-ba09604 e-flex e-con-boxed e-con e-parent\" data-id=\"ba09604\" data-element_type=\"container\" data-e-type=\"container\" data-settings=\"{&quot;background_background&quot;:&quot;classic&quot;}\">\n\t\t\t\t\t<div class=\"e-con-inner\">\n\t\t<div class=\"elementor-element elementor-element-4ef59a2 e-con-full e-flex e-con e-child\" data-id=\"4ef59a2\" data-element_type=\"container\" data-e-type=\"container\">\n\t\t\t\t<div class=\"elementor-element elementor-element-9e7b1e0 elementor-invisible elementor-widget elementor-widget-heading\" data-id=\"9e7b1e0\" data-element_type=\"widget\" data-e-type=\"widget\" data-settings=\"{&quot;_animation&quot;:&quot;fadeInDown&quot;}\" data-widget_type=\"heading.default\">\n\t\t\t\t<div class=\"elementor-widget-container\">\n\t\t\t\t\t<h3 class=\"elementor-heading-title elementor-size-default\">+GAZ\u00c9. Tu refresco energ\u00e9tico m\u00e1s natural<\/h3>\t\t\t\t<\/div>\n\t\t\t\t<\/div>\n\t\t\t\t<div class=\"elementor-element elementor-element-21fa83e animated-slow elementor-invisible elementor-widget elementor-widget-text-editor\" data-id=\"21fa83e\" data-element_type=\"widget\" data-e-type=\"widget\" data-settings=\"{&quot;_animation&quot;:&quot;fadeIn&quot;}\" data-widget_type=\"text-editor.default\">\n\t\t\t\t<div class=\"elementor-widget-container\">\n\t\t\t\t\t\t\t\t\t<p style=\"font-weight: 400;\"><strong>GAZ\u00c9 <\/strong>es un refresco energ\u00e9tico de origen natural creado por nosotros, tostadores artesanos de caf\u00e9, en nuestro centro de producci\u00f3n en La Bisbal d\u2019Empord\u00e0.<\/p><p style=\"font-weight: 400;\">Nuestro secreto principal es haber utilizado los mejores caf\u00e9s para desarrollar una base estable rica en matices que combinada con el resto de ingredientes de origen natural pudiera configurar el ADN de nuestro refresco energ\u00e9tico.<\/p><p style=\"font-weight: 400;\">Por ello afirmamos que <strong>GAZ\u00c9<\/strong> nunca te va a sustituir.<\/p><p style=\"font-weight: 400;\">S\u00f3lo te va a acompa\u00f1ar en tu esfuerzo personal, hagas lo que hagas.<\/p>\t\t\t\t\t\t\t\t<\/div>\n\t\t\t\t<\/div>\n\t\t\t\t<\/div>\n\t\t<div class=\"elementor-element elementor-element-be0a45c e-con-full e-flex e-con e-child\" data-id=\"be0a45c\" data-element_type=\"container\" data-e-type=\"container\">\n\t\t\t\t<div class=\"elementor-element elementor-element-17c1e31 elementor-invisible elementor-widget elementor-widget-image\" data-id=\"17c1e31\" data-element_type=\"widget\" data-e-type=\"widget\" data-settings=\"{&quot;motion_fx_motion_fx_scrolling&quot;:&quot;yes&quot;,&quot;motion_fx_translateX_effect&quot;:&quot;yes&quot;,&quot;motion_fx_translateX_direction&quot;:&quot;negative&quot;,&quot;motion_fx_translateX_speed&quot;:{&quot;unit&quot;:&quot;px&quot;,&quot;size&quot;:2.3,&quot;sizes&quot;:[]},&quot;_animation&quot;:&quot;zoomIn&quot;,&quot;motion_fx_devices&quot;:[&quot;widescreen&quot;,&quot;desktop&quot;,&quot;mobile&quot;],&quot;_animation_mobile&quot;:&quot;fadeInUp&quot;,&quot;motion_fx_translateX_affectedRange&quot;:{&quot;unit&quot;:&quot;%&quot;,&quot;size&quot;:&quot;&quot;,&quot;sizes&quot;:{&quot;start&quot;:0,&quot;end&quot;:100}}}\" data-widget_type=\"image.default\">\n\t\t\t\t<div class=\"elementor-widget-container\">\n\t\t\t\t\t\t\t\t\t\t\t\t\t\t\t<img fetchpriority=\"high\" decoding=\"async\" width=\"705\" height=\"1000\" src=\"https:\/\/gazedrink.com\/wp-content\/uploads\/2024\/10\/gaze.png\" class=\"attachment-large size-large wp-image-557\" alt=\"\" srcset=\"https:\/\/gazedrink.com\/wp-content\/uploads\/2024\/10\/gaze.png 705w, https:\/\/gazedrink.com\/wp-content\/uploads\/2024\/10\/gaze-212x300.png 212w, https:\/\/gazedrink.com\/wp-content\/uploads\/2024\/10\/gaze-8x12.png 8w, https:\/\/gazedrink.com\/wp-content\/uploads\/2024\/10\/gaze-600x851.png 600w\" sizes=\"(max-width: 705px) 100vw, 705px\" \/>\t\t\t\t\t\t\t\t\t\t\t\t\t\t\t<\/div>\n\t\t\t\t<\/div>\n\t\t\t\t<div class=\"elementor-element elementor-element-92d3de3 elementor-invisible elementor-widget elementor-widget-heading\" data-id=\"92d3de3\" data-element_type=\"widget\" data-e-type=\"widget\" data-settings=\"{&quot;motion_fx_motion_fx_scrolling&quot;:&quot;yes&quot;,&quot;motion_fx_translateX_effect&quot;:&quot;yes&quot;,&quot;motion_fx_translateX_speed&quot;:{&quot;unit&quot;:&quot;px&quot;,&quot;size&quot;:1.6,&quot;sizes&quot;:[]},&quot;_animation&quot;:&quot;fadeInUp&quot;,&quot;motion_fx_translateX_affectedRange&quot;:{&quot;unit&quot;:&quot;%&quot;,&quot;size&quot;:&quot;&quot;,&quot;sizes&quot;:{&quot;start&quot;:0,&quot;end&quot;:100}},&quot;motion_fx_devices&quot;:[&quot;desktop&quot;,&quot;tablet&quot;,&quot;mobile&quot;]}\" data-widget_type=\"heading.default\">\n\t\t\t\t<div class=\"elementor-widget-container\">\n\t\t\t\t\t<h3 class=\"elementor-heading-title elementor-size-default\">GAZ\u00c9<\/h3>\t\t\t\t<\/div>\n\t\t\t\t<\/div>\n\t\t\t\t<\/div>\n\t\t\t\t\t<\/div>\n\t\t\t\t<\/div>\n\t\t<div class=\"elementor-element elementor-element-bf16a56 e-con-full e-flex e-con e-parent\" data-id=\"bf16a56\" data-element_type=\"container\" data-e-type=\"container\">\n\t\t<div class=\"elementor-element elementor-element-cdaef9b e-con-full e-flex e-con e-child\" data-id=\"cdaef9b\" data-element_type=\"container\" data-e-type=\"container\">\n\t\t\t\t<div class=\"elementor-element elementor-element-426b80b elementor-invisible elementor-widget elementor-widget-heading\" data-id=\"426b80b\" data-element_type=\"widget\" data-e-type=\"widget\" data-settings=\"{&quot;_animation&quot;:&quot;fadeInDown&quot;}\" data-widget_type=\"heading.default\">\n\t\t\t\t<div class=\"elementor-widget-container\">\n\t\t\t\t\t<h2 class=\"elementor-heading-title elementor-size-default\">Calor\u00edas<\/h2>\t\t\t\t<\/div>\n\t\t\t\t<\/div>\n\t\t\t\t<div class=\"elementor-element elementor-element-474a112 elementor-widget elementor-widget-text-editor\" data-id=\"474a112\" data-element_type=\"widget\" data-e-type=\"widget\" data-widget_type=\"text-editor.default\">\n\t\t\t\t<div class=\"elementor-widget-container\">\n\t\t\t\t\t\t\t\t\t<p style=\"font-weight: 400;\"><strong>GAZ\u00c9<\/strong> tiene <strong>pocas calor\u00edas<\/strong>, que te proporcionan una energ\u00eda de 75 Kj\/100 ml; tan s\u00f3lo 18 Kcal\/100 ml, muy por debajo de la mayor\u00eda de refrescos y zumos de fruta envasados.<\/p>\t\t\t\t\t\t\t\t<\/div>\n\t\t\t\t<\/div>\n\t\t\t\t<\/div>\n\t\t<div class=\"elementor-element elementor-element-4dd2279 e-con-full e-flex e-con e-child\" data-id=\"4dd2279\" data-element_type=\"container\" data-e-type=\"container\">\n\t\t\t\t<div class=\"elementor-element elementor-element-1c01fb3 elementor-invisible elementor-widget elementor-widget-heading\" data-id=\"1c01fb3\" data-element_type=\"widget\" data-e-type=\"widget\" data-settings=\"{&quot;_animation&quot;:&quot;fadeInDown&quot;}\" data-widget_type=\"heading.default\">\n\t\t\t\t<div class=\"elementor-widget-container\">\n\t\t\t\t\t<h2 class=\"elementor-heading-title elementor-size-default\">Az\u00facar<\/h2>\t\t\t\t<\/div>\n\t\t\t\t<\/div>\n\t\t\t\t<div class=\"elementor-element elementor-element-69a6fa3 elementor-widget elementor-widget-text-editor\" data-id=\"69a6fa3\" data-element_type=\"widget\" data-e-type=\"widget\" data-widget_type=\"text-editor.default\">\n\t\t\t\t<div class=\"elementor-widget-container\">\n\t\t\t\t\t\t\t\t\t<div><span lang=\"ES-TRAD\">A\u00f1adimos <strong>una pizca de az\u00facar<\/strong> a la receta para darle esa melosidad que la caracteriza (s\u00f3lo 4,2 gr\/100 ml, mientras que el promedio de energ\u00e9ticas del mercado se sit\u00faa entre 10-12 mg\/100 ml).<\/span><\/div>\t\t\t\t\t\t\t\t<\/div>\n\t\t\t\t<\/div>\n\t\t\t\t<\/div>\n\t\t<div class=\"elementor-element elementor-element-6dcb5f7 e-con-full e-flex e-con e-child\" data-id=\"6dcb5f7\" data-element_type=\"container\" data-e-type=\"container\">\n\t\t\t\t<div class=\"elementor-element elementor-element-2414a9b elementor-invisible elementor-widget elementor-widget-heading\" data-id=\"2414a9b\" data-element_type=\"widget\" data-e-type=\"widget\" data-settings=\"{&quot;_animation&quot;:&quot;fadeInDown&quot;}\" data-widget_type=\"heading.default\">\n\t\t\t\t<div class=\"elementor-widget-container\">\n\t\t\t\t\t<h2 class=\"elementor-heading-title elementor-size-default\">Ingredientes<\/h2>\t\t\t\t<\/div>\n\t\t\t\t<\/div>\n\t\t\t\t<div class=\"elementor-element elementor-element-be93946 elementor-widget elementor-widget-text-editor\" data-id=\"be93946\" data-element_type=\"widget\" data-e-type=\"widget\" data-widget_type=\"text-editor.default\">\n\t\t\t\t<div class=\"elementor-widget-container\">\n\t\t\t\t\t\t\t\t\t<p style=\"font-weight: 400;\"><strong>GAZ\u00c9<\/strong> no incorpora <strong>ning\u00fan ingrediente energizante<\/strong> o estimulante a excepci\u00f3n de la cafe\u00edna natural contenida en la base de caf\u00e9, nuestra receta secreta.<\/p>\t\t\t\t\t\t\t\t<\/div>\n\t\t\t\t<\/div>\n\t\t\t\t<\/div>\n\t\t<div class=\"elementor-element elementor-element-41262a5 e-con-full e-flex e-con e-child\" data-id=\"41262a5\" data-element_type=\"container\" data-e-type=\"container\">\n\t\t\t\t<div class=\"elementor-element elementor-element-cddedf1 elementor-invisible elementor-widget elementor-widget-heading\" data-id=\"cddedf1\" data-element_type=\"widget\" data-e-type=\"widget\" data-settings=\"{&quot;_animation&quot;:&quot;fadeInDown&quot;}\" data-widget_type=\"heading.default\">\n\t\t\t\t<div class=\"elementor-widget-container\">\n\t\t\t\t\t<h2 class=\"elementor-heading-title elementor-size-default\">Cafe\u00edna<\/h2>\t\t\t\t<\/div>\n\t\t\t\t<\/div>\n\t\t\t\t<div class=\"elementor-element elementor-element-dab1e21 text-gaze elementor-widget elementor-widget-text-editor\" data-id=\"dab1e21\" data-element_type=\"widget\" data-e-type=\"widget\" data-widget_type=\"text-editor.default\">\n\t\t\t\t<div class=\"elementor-widget-container\">\n\t\t\t\t\t\t\t\t\t<div><span lang=\"ES-TRAD\">En la mayor\u00eda de bebidas energ\u00e9ticas, el contenido de cafe\u00edna suele estar entre\u00a0 32 y 36 mg\/100 ml, sin contar con otras sustancias estimulantes. <b>GAZ\u00c9<\/b> contiene s\u00f3lo 10,5 mg\/100 ml de<strong> cafe\u00edna natural del caf\u00e9. <\/strong><\/span><\/div>\t\t\t\t\t\t\t\t<\/div>\n\t\t\t\t<\/div>\n\t\t\t\t<\/div>\n\t\t\t\t<\/div>\n\t\t<div class=\"elementor-element elementor-element-3ce6822 e-flex e-con-boxed e-con e-parent\" data-id=\"3ce6822\" data-element_type=\"container\" data-e-type=\"container\">\n\t\t\t\t\t<div class=\"e-con-inner\">\n\t\t<div class=\"elementor-element elementor-element-2f93290 e-con-full e-flex e-con e-child\" data-id=\"2f93290\" data-element_type=\"container\" data-e-type=\"container\" data-settings=\"{&quot;background_background&quot;:&quot;video&quot;,&quot;background_video_link&quot;:&quot;https:\\\/\\\/gazedrink.com\\\/wp-content\\\/uploads\\\/2024\\\/10\\\/Mockups.mp4&quot;,&quot;background_play_on_mobile&quot;:&quot;yes&quot;}\">\n\t\t<div class=\"elementor-background-video-container\">\n\t\t\t\t\t\t\t<video class=\"elementor-background-video-hosted\" role=\"presentation\" autoplay muted playsinline loop><\/video>\n\t\t\t\t\t<\/div>\t\t<div class=\"elementor-element elementor-element-db06d89 elementor-widget elementor-widget-image\" data-id=\"db06d89\" data-element_type=\"widget\" data-e-type=\"widget\" data-widget_type=\"image.default\">\n\t\t\t\t<div class=\"elementor-widget-container\">\n\t\t\t\t\t\t\t\t\t\t\t\t\t\t\t<img decoding=\"async\" width=\"394\" height=\"406\" src=\"https:\/\/gazedrink.com\/wp-content\/uploads\/2024\/10\/metall.jpg\" class=\"attachment-large size-large wp-image-566\" alt=\"\" srcset=\"https:\/\/gazedrink.com\/wp-content\/uploads\/2024\/10\/metall.jpg 394w, https:\/\/gazedrink.com\/wp-content\/uploads\/2024\/10\/metall-291x300.jpg 291w, https:\/\/gazedrink.com\/wp-content\/uploads\/2024\/10\/metall-12x12.jpg 12w\" sizes=\"(max-width: 394px) 100vw, 394px\" \/>\t\t\t\t\t\t\t\t\t\t\t\t\t\t\t<\/div>\n\t\t\t\t<\/div>\n\t\t\t\t<div class=\"elementor-element elementor-element-0b309fa elementor-widget elementor-widget-spacer\" data-id=\"0b309fa\" data-element_type=\"widget\" data-e-type=\"widget\" data-widget_type=\"spacer.default\">\n\t\t\t\t<div class=\"elementor-widget-container\">\n\t\t\t\t\t\t\t<div class=\"elementor-spacer\">\n\t\t\t<div class=\"elementor-spacer-inner\"><\/div>\n\t\t<\/div>\n\t\t\t\t\t\t<\/div>\n\t\t\t\t<\/div>\n\t\t\t\t<\/div>\n\t\t<div class=\"elementor-element elementor-element-a325909 e-con-full e-flex e-con e-child\" data-id=\"a325909\" data-element_type=\"container\" data-e-type=\"container\">\n\t\t\t\t<div class=\"elementor-element elementor-element-30663e1 elementor-invisible elementor-widget elementor-widget-heading\" data-id=\"30663e1\" data-element_type=\"widget\" data-e-type=\"widget\" data-settings=\"{&quot;_animation&quot;:&quot;fadeInDown&quot;}\" data-widget_type=\"heading.default\">\n\t\t\t\t<div class=\"elementor-widget-container\">\n\t\t\t\t\t<h2 class=\"elementor-heading-title elementor-size-default\">Responsable y sostenible<\/h2>\t\t\t\t<\/div>\n\t\t\t\t<\/div>\n\t\t\t\t<div class=\"elementor-element elementor-element-815df7b elementor-widget elementor-widget-text-editor\" data-id=\"815df7b\" data-element_type=\"widget\" data-e-type=\"widget\" data-widget_type=\"text-editor.default\">\n\t\t\t\t<div class=\"elementor-widget-container\">\n\t\t\t\t\t\t\t\t\t<p style=\"font-weight: 400;\">Adem\u00e1s de utilizar ingredientes de origen natural, <strong>GAZ\u00c9 <\/strong>ha sido creado desde el respeto por nuestro entorno, envasando en lata de aluminio reciclable infinitas veces sin p\u00e9rdida de calidad.<\/p><p style=\"font-weight: 400;\">Para ello estamos adscritos a la iniciativa europea <strong>Metal Recycles Forever<\/strong> que contribuye a la econom\u00eda circular en Europa gracias a una tasa de reciclado de envases met\u00e1licos del 75%.<\/p><p style=\"font-weight: 400;\">Adem\u00e1s, en nuestra lata de aluminio conservamos perfectamente <strong>GAZ\u00c9<\/strong> para que lo puedas disfrutar en perfectas condiciones.<\/p><p style=\"font-weight: 400;\">\u00a0<\/p>\t\t\t\t\t\t\t\t<\/div>\n\t\t\t\t<\/div>\n\t\t\t\t<\/div>\n\t\t\t\t\t<\/div>\n\t\t\t\t<\/div>\n\t\t<div class=\"elementor-element elementor-element-46e7e58 e-con-full e-flex e-con e-parent\" data-id=\"46e7e58\" data-element_type=\"container\" data-e-type=\"container\">\n\t\t\t\t<div class=\"elementor-element elementor-element-7d30450 elementor-widget elementor-widget-heading\" data-id=\"7d30450\" data-element_type=\"widget\" data-e-type=\"widget\" data-settings=\"{&quot;motion_fx_motion_fx_scrolling&quot;:&quot;yes&quot;,&quot;motion_fx_translateX_effect&quot;:&quot;yes&quot;,&quot;motion_fx_translateX_speed&quot;:{&quot;unit&quot;:&quot;px&quot;,&quot;size&quot;:4,&quot;sizes&quot;:[]},&quot;motion_fx_translateX_affectedRange&quot;:{&quot;unit&quot;:&quot;%&quot;,&quot;size&quot;:&quot;&quot;,&quot;sizes&quot;:{&quot;start&quot;:0,&quot;end&quot;:100}},&quot;motion_fx_devices&quot;:[&quot;desktop&quot;,&quot;tablet&quot;,&quot;mobile&quot;]}\" data-widget_type=\"heading.default\">\n\t\t\t\t<div class=\"elementor-widget-container\">\n\t\t\t\t\t<h3 class=\"elementor-heading-title elementor-size-default\">Sostenible?\n\nEnvases 100% reciclables, 100% reutilizables, 100% RESPONSABLES.<\/h3>\t\t\t\t<\/div>\n\t\t\t\t<\/div>\n\t\t\t\t<\/div>\n\t\t\t\t<\/div>\n\t\t","protected":false},"excerpt":{"rendered":"<p>+GAZ\u00c9. Tu refresco energ\u00e9tico m\u00e1s natural GAZ\u00c9 es un refresco energ\u00e9tico de origen natural creado por nosotros, tostadores artesanos de caf\u00e9, en nuestro centro de producci\u00f3n en La Bisbal d\u2019Empord\u00e0. Nuestro secreto principal es haber utilizado los mejores caf\u00e9s para desarrollar una base estable rica en matices que combinada con el resto de ingredientes de [&hellip;]<\/p>\n","protected":false},"author":1,"featured_media":0,"parent":0,"menu_order":0,"comment_status":"closed","ping_status":"closed","template":"","meta":{"footnotes":""},"class_list":["post-95","page","type-page","status-publish","hentry"],"_links":{"self":[{"href":"https:\/\/gazedrink.com\/en\/wp-json\/wp\/v2\/pages\/95","targetHints":{"allow":["GET"]}}],"collection":[{"href":"https:\/\/gazedrink.com\/en\/wp-json\/wp\/v2\/pages"}],"about":[{"href":"https:\/\/gazedrink.com\/en\/wp-json\/wp\/v2\/types\/page"}],"author":[{"embeddable":true,"href":"https:\/\/gazedrink.com\/en\/wp-json\/wp\/v2\/users\/1"}],"replies":[{"embeddable":true,"href":"https:\/\/gazedrink.com\/en\/wp-json\/wp\/v2\/comments?post=95"}],"version-history":[{"count":25,"href":"https:\/\/gazedrink.com\/en\/wp-json\/wp\/v2\/pages\/95\/revisions"}],"predecessor-version":[{"id":726,"href":"https:\/\/gazedrink.com\/en\/wp-json\/wp\/v2\/pages\/95\/revisions\/726"}],"wp:attachment":[{"href":"https:\/\/gazedrink.com\/en\/wp-json\/wp\/v2\/media?parent=95"}],"curies":[{"name":"wp","href":"https:\/\/api.w.org\/{rel}","templated":true}]}}