{"id":20,"date":"2024-07-23T14:39:01","date_gmt":"2024-07-23T12:39:01","guid":{"rendered":"https:\/\/www.gazedrink.com\/?page_id=20"},"modified":"2025-05-27T09:00:00","modified_gmt":"2025-05-27T07:00:00","slug":"aviso-legal","status":"publish","type":"page","link":"https:\/\/gazedrink.com\/en\/aviso-legal\/","title":{"rendered":"Legal notice"},"content":{"rendered":"\t\t<div data-elementor-type=\"wp-page\" data-elementor-id=\"20\" class=\"elementor elementor-20\" data-elementor-post-type=\"page\">\n\t\t\t\t<div class=\"elementor-element elementor-element-c5f6628 e-con-full e-flex e-con e-parent\" data-id=\"c5f6628\" data-element_type=\"container\" data-e-type=\"container\">\n\t\t\t\t<div class=\"elementor-element elementor-element-c486147 elementor-invisible elementor-widget elementor-widget-heading\" data-id=\"c486147\" data-element_type=\"widget\" data-e-type=\"widget\" data-settings=\"{&quot;_animation&quot;:&quot;fadeInDown&quot;}\" data-widget_type=\"heading.default\">\n\t\t\t\t<div class=\"elementor-widget-container\">\n\t\t\t\t\t<h1 class=\"elementor-heading-title elementor-size-default\">AVISO LEGAL<\/h1>\t\t\t\t<\/div>\n\t\t\t\t<\/div>\n\t\t\t\t<div class=\"elementor-element elementor-element-3319962 elementor-widget elementor-widget-text-editor\" data-id=\"3319962\" data-element_type=\"widget\" data-e-type=\"widget\" data-widget_type=\"text-editor.default\">\n\t\t\t\t<div class=\"elementor-widget-container\">\n\t\t\t\t\t\t\t\t\t<p><strong>1. Informaci\u00f3n General y Datos del Titular<\/strong><br \/>En cumplimiento con el art\u00edculo 10 de la Ley 34\/2002, de 11 de julio, de Servicios de la Sociedad de la Informaci\u00f3n y Comercio Electr\u00f3nico (LSSI-CE), se informa a los usuarios de los datos del titular de este sitio web <strong>www.gazedrink.com<\/strong>:<\/p><ul><li><strong>Titular<\/strong>: RIUS NADAL S.L.<\/li><li><strong>CIF\/NIF<\/strong>: B61001939<\/li><li><strong>Domicilio Social<\/strong>: C\/VALLS COLOMER 1 17100 LA BISBAL D\u2019EMPORD\u00c0 (GIRONA) ESPA\u00d1A<\/li><li><strong>Correo Electr\u00f3nico<\/strong>: hola@gazedrink.com<\/li><li><strong>Tel\u00e9fono de Contacto<\/strong>: +34-607277272<\/li><li><strong>Registro Mercantil<\/strong>: Inscrita en el Registro Mercantil de Girona, Tomo 1337, Libro O, Secci\u00f3n 8, Folio 131, Hoja GE22662<\/li><\/ul><p>El acceso y uso de este sitio web atribuye la condici\u00f3n de usuario (en adelante, el \u00abUsuario\u00bb) e implica la aceptaci\u00f3n plena y sin reservas de las condiciones contenidas en el presente Aviso Legal.<\/p><p><strong><br \/>2. Condiciones de Uso del Sitio Web<\/strong><\/p><p>El Usuario se compromete a hacer un uso adecuado de los contenidos y servicios que Rius Nadal S.L. ofrece a trav\u00e9s de este sitio web, <strong>www.gazedrink.com<\/strong>, y a no emplearlos para incurrir en actividades il\u00edcitas o contrarias a la buena fe y al orden p\u00fablico. Queda prohibido:<\/p><ul><li>La reproducci\u00f3n, distribuci\u00f3n o modificaci\u00f3n de los contenidos del sitio sin la debida autorizaci\u00f3n.<\/li><li>Realizar cualquier acci\u00f3n que pueda da\u00f1ar, inutilizar o sobrecargar el sitio web, o impedir su normal funcionamiento.<\/li><li>Utilizar los contenidos del sitio para cualquier tipo de finalidad comercial sin autorizaci\u00f3n expresa de Rius Nadal S.L.<\/li><\/ul><p>\u00a0<\/p><p>3. Propiedad Intelectual e Industrial<\/p><p>Todos los contenidos de este sitio web, incluyendo, entre otros, los textos, gr\u00e1ficos, logotipos, iconos, im\u00e1genes, y dise\u00f1o gr\u00e1fico (en adelante, los \u00abContenidos\u00bb), son propiedad de Rius Nadal S.L. o de terceros que han autorizado su uso, y est\u00e1n protegidos por la legislaci\u00f3n en materia de propiedad intelectual e industrial.<\/p><p>El Usuario se compromete a respetar los derechos de propiedad intelectual e industrial titularidad de Rius Nadal S.L. Queda prohibida la reproducci\u00f3n, distribuci\u00f3n, comunicaci\u00f3n p\u00fablica, transformaci\u00f3n o cualquier otra forma de explotaci\u00f3n de los Contenidos sin el consentimiento previo y expreso del titular.<\/p><p><strong><br \/>4. Exenci\u00f3n de Responsabilidad<\/strong><\/p><p>Rius Nadal S.L. no se hace responsable de los da\u00f1os y perjuicios que puedan derivarse de, entre otros:<\/p><ul><li>La imposibilidad de acceso al sitio web o la falta de veracidad, exactitud y\/o actualidad de los contenidos.<\/li><li>La presencia de virus o programas maliciosos en los contenidos que puedan alterar el sistema inform\u00e1tico del Usuario.<\/li><li>La presencia de enlaces externos o hiperv\u00ednculos hacia otros sitios de internet gestionados por terceros. Rius Nadal S.L. no ejerce control alguno sobre dichos sitios y no asume responsabilidad alguna por sus contenidos.<\/li><\/ul><p><strong>5. Modificaciones<\/strong><\/p><p>Rius Nadal S.L. se reserva el derecho de efectuar sin previo aviso las modificaciones que considere oportunas en su sitio web, <a href=\"https:\/\/gazedrink.com\"><strong>www.gazedrink.com<\/strong><\/a><strong>,<\/strong> pudiendo cambiar, suprimir o a\u00f1adir tanto los contenidos y servicios que se presten a trav\u00e9s del mismo, como la forma en la que \u00e9stos aparezcan presentados o localizados en su sitio web.<\/p><p><strong><br \/>6. Legislaci\u00f3n Aplicable y Jurisdicci\u00f3n<br \/><\/strong><\/p><p>Las presentes condiciones generales se rigen por la legislaci\u00f3n espa\u00f1ola. Para la resoluci\u00f3n de cualquier controversia que pudiera surgir en relaci\u00f3n con el presente sitio web o las actividades en \u00e9l desarrolladas, Rius Nadal S.L. y el Usuario acuerdan someterse a los Juzgados y Tribunales de la ciudad de La Bisbal d\u2019Empord\u00e0, renunciando expresamente a cualquier otro fuero que pudiera corresponderles.<\/p><p><strong><br \/>7. Pol\u00edtica de Privacidad<\/strong><\/p><p>La Pol\u00edtica de Privacidad de este sitio web est\u00e1 disponible para su consulta en la secci\u00f3n [\u201cPol\u00edtica de Privacidad\u201d]. Rius Nadal S.L. cumple con la normativa vigente en materia de protecci\u00f3n de datos personales y garantiza que el tratamiento de los datos personales del Usuario se realiza conforme a dicha normativa.<\/p><p><strong><br \/>8. Contacto<\/strong><\/p><p>Para cualquier pregunta o consulta acerca de este Aviso Legal, puede ponerse en contacto con Rius Nadal S.L. a trav\u00e9s de la siguiente direcci\u00f3n de correo electr\u00f3nico: hola@gazedrink.com.<\/p><p><strong>Fecha de \u00daltima Actualizaci\u00f3n<\/strong>: 4 de noviembre de 2024<\/p>\t\t\t\t\t\t\t\t<\/div>\n\t\t\t\t<\/div>\n\t\t\t\t<\/div>\n\t\t\t\t<\/div>\n\t\t","protected":false},"excerpt":{"rendered":"<p>AVISO LEGAL 1. Informaci\u00f3n General y Datos del TitularEn cumplimiento con el art\u00edculo 10 de la Ley 34\/2002, de 11 de julio, de Servicios de la Sociedad de la Informaci\u00f3n y Comercio Electr\u00f3nico (LSSI-CE), se informa a los usuarios de los datos del titular de este sitio web www.gazedrink.com: Titular: RIUS NADAL S.L. CIF\/NIF: B61001939 [&hellip;]<\/p>\n","protected":false},"author":1,"featured_media":0,"parent":0,"menu_order":0,"comment_status":"closed","ping_status":"closed","template":"","meta":{"footnotes":""},"class_list":["post-20","page","type-page","status-publish","hentry"],"_links":{"self":[{"href":"https:\/\/gazedrink.com\/en\/wp-json\/wp\/v2\/pages\/20","targetHints":{"allow":["GET"]}}],"collection":[{"href":"https:\/\/gazedrink.com\/en\/wp-json\/wp\/v2\/pages"}],"about":[{"href":"https:\/\/gazedrink.com\/en\/wp-json\/wp\/v2\/types\/page"}],"author":[{"embeddable":true,"href":"https:\/\/gazedrink.com\/en\/wp-json\/wp\/v2\/users\/1"}],"replies":[{"embeddable":true,"href":"https:\/\/gazedrink.com\/en\/wp-json\/wp\/v2\/comments?post=20"}],"version-history":[{"count":13,"href":"https:\/\/gazedrink.com\/en\/wp-json\/wp\/v2\/pages\/20\/revisions"}],"predecessor-version":[{"id":907,"href":"https:\/\/gazedrink.com\/en\/wp-json\/wp\/v2\/pages\/20\/revisions\/907"}],"wp:attachment":[{"href":"https:\/\/gazedrink.com\/en\/wp-json\/wp\/v2\/media?parent=20"}],"curies":[{"name":"wp","href":"https:\/\/api.w.org\/{rel}","templated":true}]}}