{"id":174,"date":"2024-07-29T12:53:22","date_gmt":"2024-07-29T10:53:22","guid":{"rendered":"https:\/\/www.gazedrink.com\/?post_type=product&#038;p=174"},"modified":"2025-05-22T09:56:04","modified_gmt":"2025-05-22T07:56:04","slug":"pack-12-latas-gaze","status":"publish","type":"product","link":"https:\/\/gazedrink.com\/ca\/producte\/pack-12-latas-gaze\/","title":{"rendered":"Pack de 12 llaunes de Gaz\u00e9 Drink"},"content":{"rendered":"<p>12 llaunes de GAZ\u00c9, perqu\u00e8 no s'acabin tan de pressa com l'\u00faltima vegada.<\/p>\n<div>\n<p><span lang=\"ES-TRAD\"><span lang=\"ES-TRAD\">Fet amb ingredients d'origen natural, baix en calories i sense colorants, <b>GAZ\u00c9<\/b> \u00e9s molt m\u00e9s que un refresc.<\/span><\/span><\/p>\n<div><span lang=\"ES-TRAD\">\u00c9s l\u2019alternativa saludable per mantenir la teva energia de manera equilibrada i natural, dissenyada per adaptar-se al teu ritme de vida sense perdre de vista el m\u00e9s important: el teu benestar.<\/span><\/div>\n<\/div>\n<div><\/div>","protected":false},"excerpt":{"rendered":"<p>12 latas de GAZ\u00c9, para que no se acabe tan r\u00e1pido como la \u00faltima vez. Hecho con ingredientes de origen natural, bajo en calor\u00edas y sin colorantes, GAZ\u00c9 es mucho m\u00e1s que un refresco. Es la alternativa saludable para mantener tu energ\u00eda de forma equilibrada y natural, dise\u00f1ada para integrarse a tu ritmo de vida [&hellip;]<\/p>\n","protected":false},"featured_media":735,"comment_status":"closed","ping_status":"closed","template":"","meta":[],"product_brand":[],"product_cat":[20],"product_tag":[],"class_list":{"0":"post-174","1":"product","2":"type-product","3":"status-publish","4":"has-post-thumbnail","6":"product_cat-sin-categorizar","7":"product_shipping_class-packs-peso","9":"first","10":"instock","11":"taxable","12":"shipping-taxable","13":"purchasable","14":"product-type-simple"},"_links":{"self":[{"href":"https:\/\/gazedrink.com\/ca\/wp-json\/wp\/v2\/product\/174","targetHints":{"allow":["GET"]}}],"collection":[{"href":"https:\/\/gazedrink.com\/ca\/wp-json\/wp\/v2\/product"}],"about":[{"href":"https:\/\/gazedrink.com\/ca\/wp-json\/wp\/v2\/types\/product"}],"replies":[{"embeddable":true,"href":"https:\/\/gazedrink.com\/ca\/wp-json\/wp\/v2\/comments?post=174"}],"wp:featuredmedia":[{"embeddable":true,"href":"https:\/\/gazedrink.com\/ca\/wp-json\/wp\/v2\/media\/735"}],"wp:attachment":[{"href":"https:\/\/gazedrink.com\/ca\/wp-json\/wp\/v2\/media?parent=174"}],"wp:term":[{"taxonomy":"product_brand","embeddable":true,"href":"https:\/\/gazedrink.com\/ca\/wp-json\/wp\/v2\/product_brand?post=174"},{"taxonomy":"product_cat","embeddable":true,"href":"https:\/\/gazedrink.com\/ca\/wp-json\/wp\/v2\/product_cat?post=174"},{"taxonomy":"product_tag","embeddable":true,"href":"https:\/\/gazedrink.com\/ca\/wp-json\/wp\/v2\/product_tag?post=174"}],"curies":[{"name":"wp","href":"https:\/\/api.w.org\/{rel}","templated":true}]}}