{"id":24,"date":"2024-07-23T14:39:18","date_gmt":"2024-07-23T12:39:18","guid":{"rendered":"https:\/\/www.gazedrink.com\/?page_id=24"},"modified":"2024-11-05T13:09:23","modified_gmt":"2024-11-05T12:09:23","slug":"politica-de-cookies","status":"publish","type":"page","link":"https:\/\/gazedrink.com\/ca\/politica-de-cookies\/","title":{"rendered":"Pol\u00edtica de cookies"},"content":{"rendered":"<div data-elementor-type=\"wp-page\" data-elementor-id=\"24\" class=\"elementor elementor-24\" data-elementor-post-type=\"page\">\n\t\t\t\t<div class=\"elementor-element elementor-element-5ece817 e-con-full e-flex e-con e-parent\" data-id=\"5ece817\" data-element_type=\"container\" data-e-type=\"container\">\n\t\t\t\t<div class=\"elementor-element elementor-element-48bf062 elementor-invisible elementor-widget elementor-widget-heading\" data-id=\"48bf062\" data-element_type=\"widget\" data-e-type=\"widget\" data-settings=\"{&quot;_animation&quot;:&quot;fadeInDown&quot;}\" data-widget_type=\"heading.default\">\n\t\t\t\t<div class=\"elementor-widget-container\">\n\t\t\t\t\t<h1 class=\"elementor-heading-title elementor-size-default\">POL\u00cdTICA DE COOKIES<\/h1>\t\t\t\t<\/div>\n\t\t\t\t<\/div>\n\t\t\t\t<div class=\"elementor-element elementor-element-ac3a777 elementor-widget elementor-widget-text-editor\" data-id=\"ac3a777\" data-element_type=\"widget\" data-e-type=\"widget\" data-widget_type=\"text-editor.default\">\n\t\t\t\t<div class=\"elementor-widget-container\">\n\t\t\t\t\t\t\t\t\t<p><strong>Qu\u00e8 s\u00f3n les Cookies?<\/strong><br \/>Les cookies s\u00f3n petits fitxers de text que s\u2019emmagatzemen al seu dispositiu (ordinador, tauleta, tel\u00e8fon intel\u00b7ligent) quan visita un lloc web. Les cookies permeten al lloc web recordar les seves prefer\u00e8ncies de navegaci\u00f3 i millorar la seva experi\u00e8ncia com a usuari. Tamb\u00e9 poden utilitzar-se per recopilar informaci\u00f3 an\u00f2nima sobre com interactua amb el lloc web, cosa que ajuda a optimitzar el seu funcionament.<\/p><p><strong><br \/>Tipus de Cookies utilitzades en aquest lloc web, <\/strong><a href=\"https:\/\/gazedrink.com\/ca\/\"><strong>www.gazedrink.com<\/strong><\/a><strong>:<\/strong><\/p><p>El nostre lloc web utilitza els seg\u00fcents tipus de cookies:<\/p><ol><li><strong>Cookies T\u00e8cniques<\/strong><br \/>Aquestes cookies s\u00f3n essencials per al funcionament de la p\u00e0gina web i permeten, per exemple, la navegaci\u00f3 i l'acc\u00e9s a \u00e0rees segures del lloc. Sense aquestes cookies, alguns serveis no estarien disponibles.<\/li><li><strong>Cookies de Prefer\u00e8ncies o Personalitzaci\u00f3<\/strong><br \/>Aquestes cookies permeten recordar informaci\u00f3 perqu\u00e8 l'usuari accedeixi al servei amb certes caracter\u00edstiques personalitzades, com ara l\u2019idioma o el tipus de navegador.<\/li><li><strong>Cookies d'An\u00e0lisi o Mesurament<\/strong><br \/>Aquestes cookies recopilen informaci\u00f3 an\u00f2nima sobre l'\u00fas del nostre lloc web, com ara les p\u00e0gines m\u00e9s visitades, el temps de perman\u00e8ncia i l'origen del tr\u00e0nsit. Aquesta informaci\u00f3 ens ajuda a millorar i optimitzar el lloc web.<\/li><li><strong>Cookies de Publicitat i Publicitat Comportamental<\/strong><br \/>Aquestes cookies emmagatzemen informaci\u00f3 sobre el comportament dels usuaris obtinguda a trav\u00e9s de l'observaci\u00f3 cont\u00ednua dels seus h\u00e0bits de navegaci\u00f3. Ens permeten mostrar anuncis personalitzats segons el seu perfil de navegaci\u00f3 i els seus interessos.<\/li><\/ol><p>\u00a0<\/p><p><strong>Cookies de Tercers<\/strong><br \/>En el nostre lloc web tamb\u00e9 utilitzem cookies de tercers, com ara:<\/p><ul><li><strong>Google Analytics<\/strong>: per recopilar informaci\u00f3 estad\u00edstica sobre l'\u00fas del lloc web. Aquestes dades s\u00f3n processades per Google i ens ajuden a entendre millor el comportament dels usuaris al lloc.<\/li><\/ul><p><br \/>Per a m\u00e9s informaci\u00f3 sobre l'\u00fas de cookies per part de Google Analytics, pot consultar aquest enlla\u00e7.<\/p><p><strong><br \/>Durada de les Cookies<\/strong><br \/>Les cookies poden classificar-se segons la seva durada en:<\/p><ul><li><strong>Cookies de Sessi\u00f3<\/strong>: Aquestes cookies nom\u00e9s estan actives mentre l'usuari navega pel lloc web i s'eliminen en tancar el navegador.<\/li><li><strong>Cookies Persistents<\/strong>: Romanen emmagatzemades al dispositiu de l'usuari durant un per\u00edode determinat, que pot variar d\u2019uns minuts a diversos anys.<\/li><\/ul><p><strong><br \/>Gesti\u00f3 de Cookies<\/strong><br \/>L\u2019usuari t\u00e9 l\u2019opci\u00f3 de permetre, bloquejar o eliminar les cookies instal\u00b7lades al seu dispositiu mitjan\u00e7ant la configuraci\u00f3 de les opcions del seu navegador. Tanmateix, el bloqueig o eliminaci\u00f3 d'algunes cookies pot afectar la funcionalitat del lloc i limitar l\u2019acc\u00e9s a certs serveis.<\/p><p><strong><br \/>Com gestionar les cookies als principals navegadors<\/strong>:<\/p><ul><li><strong>Google Chrome<\/strong>: Configuraci\u00f3 &gt; Privacitat i seguretat &gt; Cookies i altres dades de llocs.<\/li><li><strong>Mozilla Firefox<\/strong>: Opcions &gt; Privacitat i seguretat &gt; Cookies i dades del lloc.<\/li><li><strong>Safari (Apple)<\/strong>: Prefer\u00e8ncies &gt; Privacitat &gt; Gestionar dades del lloc web.<\/li><li><strong>Microsoft Edge<\/strong>: Configuraci\u00f3 &gt; Cookies i permisos del lloc.<\/li><\/ul><p><br \/>Per obtenir m\u00e9s informaci\u00f3 sobre com gestionar les cookies en altres navegadors, pot visitar https:\/\/www.allaboutcookies.org\/es\/.<\/p><p><strong><br \/>Consentiment per a l\u2019\u00fas de Cookies<\/strong><br \/>En accedir al nostre lloc web <strong>www.gazedrink.com<\/strong>, mostrem un av\u00eds sobre l\u2019\u00fas de cookies, i vost\u00e8 t\u00e9 l\u2019opci\u00f3 d\u2019acceptar-les, rebutjar-les o configurar les seves prefer\u00e8ncies mitjan\u00e7ant el panell de configuraci\u00f3 de cookies. Pot canviar les seves prefer\u00e8ncies en qualsevol moment visitant l\u2019enlla\u00e7 \u00abConfiguraci\u00f3 de Cookies\u00bb al peu de p\u00e0gina del nostre lloc web.<\/p><p><strong><br \/>Actualitzaci\u00f3 de la Pol\u00edtica de Cookies<\/strong><br \/>Ens reservem el dret de modificar aquesta Pol\u00edtica de Cookies en qualsevol moment. Qualsevol canvi en aquesta pol\u00edtica es publicar\u00e0 al nostre lloc web. Li recomanem revisar aquesta p\u00e0gina peri\u00f2dicament per mantenir-se informat sobre l\u2019\u00fas de cookies al nostre lloc web.<\/p><p><strong><br \/>Data de l'\u00faltima actualitzaci\u00f3<\/strong>: 4 de novembre de 2024<\/p>\t\t\t\t\t\t\t\t<\/div>\n\t\t\t\t<\/div>\n\t\t\t\t<\/div>\n\t\t\t\t<\/div>","protected":false},"excerpt":{"rendered":"<p>POL\u00cdTICA DE COOKIES \u00bfQu\u00e9 son las Cookies?Las cookies son peque\u00f1os archivos de texto que se almacenan en su dispositivo (ordenador, tablet, smartphone) cuando visita un sitio web. Las cookies permiten al sitio web recordar sus preferencias de navegaci\u00f3n y mejorar su experiencia como usuario. Tambi\u00e9n pueden utilizarse para recopilar informaci\u00f3n an\u00f3nima sobre c\u00f3mo interact\u00faa con [&hellip;]<\/p>\n","protected":false},"author":1,"featured_media":0,"parent":0,"menu_order":0,"comment_status":"closed","ping_status":"closed","template":"","meta":{"footnotes":""},"class_list":["post-24","page","type-page","status-publish","hentry"],"_links":{"self":[{"href":"https:\/\/gazedrink.com\/ca\/wp-json\/wp\/v2\/pages\/24","targetHints":{"allow":["GET"]}}],"collection":[{"href":"https:\/\/gazedrink.com\/ca\/wp-json\/wp\/v2\/pages"}],"about":[{"href":"https:\/\/gazedrink.com\/ca\/wp-json\/wp\/v2\/types\/page"}],"author":[{"embeddable":true,"href":"https:\/\/gazedrink.com\/ca\/wp-json\/wp\/v2\/users\/1"}],"replies":[{"embeddable":true,"href":"https:\/\/gazedrink.com\/ca\/wp-json\/wp\/v2\/comments?post=24"}],"version-history":[{"count":4,"href":"https:\/\/gazedrink.com\/ca\/wp-json\/wp\/v2\/pages\/24\/revisions"}],"predecessor-version":[{"id":672,"href":"https:\/\/gazedrink.com\/ca\/wp-json\/wp\/v2\/pages\/24\/revisions\/672"}],"wp:attachment":[{"href":"https:\/\/gazedrink.com\/ca\/wp-json\/wp\/v2\/media?parent=24"}],"curies":[{"name":"wp","href":"https:\/\/api.w.org\/{rel}","templated":true}]}}