{"id":14,"date":"2024-07-23T14:38:34","date_gmt":"2024-07-23T12:38:34","guid":{"rendered":"https:\/\/www.gazedrink.com\/?page_id=14"},"modified":"2024-11-08T13:31:07","modified_gmt":"2024-11-08T12:31:07","slug":"nosotros","status":"publish","type":"page","link":"https:\/\/gazedrink.com\/ca\/nosotros\/","title":{"rendered":"Nosaltres"},"content":{"rendered":"\t\t<div data-elementor-type=\"wp-page\" data-elementor-id=\"14\" class=\"elementor elementor-14\" data-elementor-post-type=\"page\">\n\t\t\t\t<div class=\"elementor-element elementor-element-d707ff5 e-flex e-con-boxed e-con e-parent\" data-id=\"d707ff5\" data-element_type=\"container\" data-e-type=\"container\">\n\t\t\t\t\t<div class=\"e-con-inner\">\n\t\t<div class=\"elementor-element elementor-element-86b6917 e-con-full e-flex e-con e-child\" data-id=\"86b6917\" data-element_type=\"container\" data-e-type=\"container\" data-settings=\"{&quot;background_background&quot;:&quot;slideshow&quot;,&quot;background_slideshow_gallery&quot;:[{&quot;id&quot;:196,&quot;url&quot;:&quot;https:\\\/\\\/gazedrink.com\\\/wp-content\\\/uploads\\\/2024\\\/07\\\/Recurso-1foto1.jpg&quot;},{&quot;id&quot;:600,&quot;url&quot;:&quot;https:\\\/\\\/gazedrink.com\\\/wp-content\\\/uploads\\\/2024\\\/10\\\/gaze-drink.jpg&quot;}],&quot;background_slideshow_slide_duration&quot;:3000,&quot;background_slideshow_ken_burns&quot;:&quot;yes&quot;,&quot;background_slideshow_loop&quot;:&quot;yes&quot;,&quot;background_slideshow_slide_transition&quot;:&quot;fade&quot;,&quot;background_slideshow_transition_duration&quot;:500,&quot;background_slideshow_ken_burns_zoom_direction&quot;:&quot;in&quot;}\">\n\t\t\t\t<div class=\"elementor-element elementor-element-f64dacd elementor-widget elementor-widget-spacer\" data-id=\"f64dacd\" data-element_type=\"widget\" data-e-type=\"widget\" data-widget_type=\"spacer.default\">\n\t\t\t\t<div class=\"elementor-widget-container\">\n\t\t\t\t\t\t\t<div class=\"elementor-spacer\">\n\t\t\t<div class=\"elementor-spacer-inner\"><\/div>\n\t\t<\/div>\n\t\t\t\t\t\t<\/div>\n\t\t\t\t<\/div>\n\t\t\t\t<\/div>\n\t\t<div class=\"elementor-element elementor-element-66a401f e-con-full e-flex e-con e-child\" data-id=\"66a401f\" data-element_type=\"container\" data-e-type=\"container\">\n\t\t\t\t<div class=\"elementor-element elementor-element-d4d512d elementor-invisible elementor-widget elementor-widget-heading\" data-id=\"d4d512d\" data-element_type=\"widget\" data-e-type=\"widget\" data-settings=\"{&quot;_animation&quot;:&quot;fadeInDown&quot;}\" data-widget_type=\"heading.default\">\n\t\t\t\t<div class=\"elementor-widget-container\">\n\t\t\t\t\t<h2 class=\"elementor-heading-title elementor-size-default\">Artesanos del caf\u00e9<\/h2>\t\t\t\t<\/div>\n\t\t\t\t<\/div>\n\t\t\t\t<div class=\"elementor-element elementor-element-19ac44a animated-slow elementor-invisible elementor-widget elementor-widget-text-editor\" data-id=\"19ac44a\" data-element_type=\"widget\" data-e-type=\"widget\" data-settings=\"{&quot;_animation&quot;:&quot;fadeIn&quot;}\" data-widget_type=\"text-editor.default\">\n\t\t\t\t<div class=\"elementor-widget-container\">\n\t\t\t\t\t\t\t\t\t<div class=\"page\" title=\"Page 1\"><div class=\"layoutArea\"><div class=\"column\"><p style=\"font-weight: 400;\">En el origen de<strong> GAZ\u00c9 <\/strong>est\u00e1 nuestra empresa familiar RIUS NADAL, elaboradora artesana de caf\u00e9s desde final del siglo pasado.<\/p><p style=\"font-weight: 400;\">Mezclando tradici\u00f3n e innovaci\u00f3n, en 2017 dibujamos el borrador de <strong>GAZ\u00c9 <\/strong>gracias a nuestra experiencia con el caf\u00e9, trazando una arquitectura nueva para un viejo amigo.<\/p><p style=\"font-weight: 400;\">Nuestro objetivo era conseguir una bebida energ\u00e9tica que tuviera la base de caf\u00e9 real como eje, con pocas calor\u00edas y que pudiera ser apreciado tambi\u00e9n por consumidores no habituados al caf\u00e9.<\/p><p style=\"font-weight: 400;\">Finalmente, en 2019, en nuestro laboratorio de experiencias, cerramos la receta de <strong>GAZ\u00c9 <\/strong>realizando en la primavera de 2020 la primera producci\u00f3n.<\/p><p style=\"font-weight: 400;\"><strong>GAZ\u00c9<\/strong> ya era una realidad con el reto de configurarse en\u00a0 una alternativa m\u00e1s saludable a la mayor\u00eda de bebidas energ\u00e9ticas disponibles.<\/p><p style=\"font-weight: 400;\">Y lleg\u00f3 la pandemia, que retras\u00f3 nuestros planes\u2026<\/p><p style=\"font-weight: 400;\">Desde aquel momento hasta hoy, seguimos adelante en este magn\u00edfico viaje con <strong>GAZ\u00c9<\/strong> en el que estaremos encantados de contar con vosotros.<\/p><p>Muchas gracias.<\/p><\/div><\/div><\/div>\t\t\t\t\t\t\t\t<\/div>\n\t\t\t\t<\/div>\n\t\t\t\t<div class=\"elementor-element elementor-element-3ef31c9 elementor-widget elementor-widget-image\" data-id=\"3ef31c9\" data-element_type=\"widget\" data-e-type=\"widget\" data-widget_type=\"image.default\">\n\t\t\t\t<div class=\"elementor-widget-container\">\n\t\t\t\t\t\t\t\t\t\t\t\t\t\t\t<img fetchpriority=\"high\" decoding=\"async\" width=\"600\" height=\"157\" src=\"https:\/\/gazedrink.com\/wp-content\/uploads\/2024\/11\/Signatura-web-Rius-Nadal.png\" class=\"attachment-large size-large wp-image-684\" alt=\"\" srcset=\"https:\/\/gazedrink.com\/wp-content\/uploads\/2024\/11\/Signatura-web-Rius-Nadal.png 600w, https:\/\/gazedrink.com\/wp-content\/uploads\/2024\/11\/Signatura-web-Rius-Nadal-300x79.png 300w, https:\/\/gazedrink.com\/wp-content\/uploads\/2024\/11\/Signatura-web-Rius-Nadal-18x5.png 18w\" sizes=\"(max-width: 600px) 100vw, 600px\" \/>\t\t\t\t\t\t\t\t\t\t\t\t\t\t\t<\/div>\n\t\t\t\t<\/div>\n\t\t\t\t<\/div>\n\t\t\t\t\t<\/div>\n\t\t\t\t<\/div>\n\t\t\t\t<\/div>\n\t\t","protected":false},"excerpt":{"rendered":"<p>Artesanos del caf\u00e9 En el origen de GAZ\u00c9 est\u00e1 nuestra empresa familiar RIUS NADAL, elaboradora artesana de caf\u00e9s desde final del siglo pasado. Mezclando tradici\u00f3n e innovaci\u00f3n, en 2017 dibujamos el borrador de GAZ\u00c9 gracias a nuestra experiencia con el caf\u00e9, trazando una arquitectura nueva para un viejo amigo. Nuestro objetivo era conseguir una bebida [&hellip;]<\/p>\n","protected":false},"author":1,"featured_media":0,"parent":0,"menu_order":0,"comment_status":"closed","ping_status":"closed","template":"","meta":{"footnotes":""},"class_list":["post-14","page","type-page","status-publish","hentry"],"_links":{"self":[{"href":"https:\/\/gazedrink.com\/ca\/wp-json\/wp\/v2\/pages\/14","targetHints":{"allow":["GET"]}}],"collection":[{"href":"https:\/\/gazedrink.com\/ca\/wp-json\/wp\/v2\/pages"}],"about":[{"href":"https:\/\/gazedrink.com\/ca\/wp-json\/wp\/v2\/types\/page"}],"author":[{"embeddable":true,"href":"https:\/\/gazedrink.com\/ca\/wp-json\/wp\/v2\/users\/1"}],"replies":[{"embeddable":true,"href":"https:\/\/gazedrink.com\/ca\/wp-json\/wp\/v2\/comments?post=14"}],"version-history":[{"count":22,"href":"https:\/\/gazedrink.com\/ca\/wp-json\/wp\/v2\/pages\/14\/revisions"}],"predecessor-version":[{"id":687,"href":"https:\/\/gazedrink.com\/ca\/wp-json\/wp\/v2\/pages\/14\/revisions\/687"}],"wp:attachment":[{"href":"https:\/\/gazedrink.com\/ca\/wp-json\/wp\/v2\/media?parent=14"}],"curies":[{"name":"wp","href":"https:\/\/api.w.org\/{rel}","templated":true}]}}