{"id":124,"date":"2024-07-29T12:48:49","date_gmt":"2024-07-29T10:48:49","guid":{"rendered":"https:\/\/www.gazedrink.com\/carrito\/"},"modified":"2024-10-30T14:03:52","modified_gmt":"2024-10-30T13:03:52","slug":"carrito","status":"publish","type":"page","link":"https:\/\/gazedrink.com\/ca\/carrito\/","title":{"rendered":"Carrito"},"content":{"rendered":"<div data-elementor-type=\"wp-page\" data-elementor-id=\"124\" class=\"elementor elementor-124\" data-elementor-post-type=\"page\">\n\t\t\t\t<div class=\"elementor-element elementor-element-5835ae5b e-flex e-con-boxed e-con e-parent\" data-id=\"5835ae5b\" data-element_type=\"container\" data-e-type=\"container\">\n\t\t\t\t\t<div class=\"e-con-inner\">\n\t\t\t\t\t<\/div>\n\t\t\t\t<\/div>\n\t\t\t\t<\/div>","protected":false},"excerpt":{"rendered":"<p>Eliminar art\u00edculo Imagen en miniatura Producto Precio Cantidad Subtotal &times; Pack 6 latas de Gaz\u00e9 Drink (copia) 0,30&nbsp;&euro; Pack 6 latas de Gaz\u00e9 Drink (copia) cantidad 0,60&nbsp;&euro; Actualizar el carrito Aplicar el cup\u00f3n Totales del carrito Subtotal 0,60&nbsp;&euro; Env\u00edo Env\u00edo gratuito Enviar a Ull\u00e0 7, 17257 Torroella, Gerona. Cambiar direcci\u00f3n Pa\u00eds o regi\u00f3n: Selecciona un [&hellip;]<\/p>\n","protected":false},"author":1,"featured_media":0,"parent":0,"menu_order":0,"comment_status":"closed","ping_status":"closed","template":"","meta":{"footnotes":""},"class_list":["post-124","page","type-page","status-publish","hentry"],"_links":{"self":[{"href":"https:\/\/gazedrink.com\/ca\/wp-json\/wp\/v2\/pages\/124","targetHints":{"allow":["GET"]}}],"collection":[{"href":"https:\/\/gazedrink.com\/ca\/wp-json\/wp\/v2\/pages"}],"about":[{"href":"https:\/\/gazedrink.com\/ca\/wp-json\/wp\/v2\/types\/page"}],"author":[{"embeddable":true,"href":"https:\/\/gazedrink.com\/ca\/wp-json\/wp\/v2\/users\/1"}],"replies":[{"embeddable":true,"href":"https:\/\/gazedrink.com\/ca\/wp-json\/wp\/v2\/comments?post=124"}],"version-history":[{"count":16,"href":"https:\/\/gazedrink.com\/ca\/wp-json\/wp\/v2\/pages\/124\/revisions"}],"predecessor-version":[{"id":655,"href":"https:\/\/gazedrink.com\/ca\/wp-json\/wp\/v2\/pages\/124\/revisions\/655"}],"wp:attachment":[{"href":"https:\/\/gazedrink.com\/ca\/wp-json\/wp\/v2\/media?parent=124"}],"curies":[{"name":"wp","href":"https:\/\/api.w.org\/{rel}","templated":true}]}}